{"id":24067,"date":"2025-01-02T13:34:30","date_gmt":"2025-01-02T13:34:30","guid":{"rendered":"https:\/\/dragoplus.com\/warunki-korzystanie-ze-strony-internetowej-dsa\/"},"modified":"2025-01-02T13:47:18","modified_gmt":"2025-01-02T13:47:18","slug":"terms-of-use-of-the-website-dsa","status":"publish","type":"page","link":"https:\/\/dragoplus.com\/en\/terms-of-use-of-the-website-dsa\/","title":{"rendered":"Terms of use of the Website (DSA)"},"content":{"rendered":"\t\t<div data-elementor-type=\"wp-page\" data-elementor-id=\"24067\" class=\"elementor elementor-24067 elementor-24058\" data-elementor-post-type=\"page\">\n\t\t\t\t\t\t<section class=\"elementor-section elementor-top-section elementor-element elementor-element-a8c5f87 elementor-section-boxed elementor-section-height-default elementor-section-height-default\" data-id=\"a8c5f87\" data-element_type=\"section\">\n\t\t\t\t\t\t<div class=\"elementor-container elementor-column-gap-default\">\n\t\t\t\t\t<div class=\"elementor-column elementor-col-100 elementor-top-column elementor-element elementor-element-f0ac5bf\" data-id=\"f0ac5bf\" data-element_type=\"column\">\n\t\t\t<div class=\"elementor-widget-wrap elementor-element-populated\">\n\t\t\t\t\t\t<div class=\"elementor-element elementor-element-bc5a014 elementor-widget elementor-widget-text-editor\" data-id=\"bc5a014\" data-element_type=\"widget\" data-widget_type=\"text-editor.default\">\n\t\t\t\t<div class=\"elementor-widget-container\">\n\t\t\t\t\t\t\t\n    <script src=\"https:\/\/kit.fontawesome.com\/8f326b15a4.js\" crossorigin=\"anonymous\"><\/script>\n\n    <table style=\"width: 85%; border-collapse: collapse; margin-left: auto; margin-right: auto; font-family: sans-serif;\">\n        <tr style=\"border: 1px solid black; padding-top: 10px;\">\n            <th colspan=\"2\" style=\"border: 1px solid black; padding: 8px; padding-top: 20px; font-size: 20px; line-height: 40px; background-color: #f5f5f5; color: #000;\">\n                Terms of use of the Website (DSA)<br>\n                Dragoplus\n            <\/th>\n        <\/tr>\n\n        \n        <tr style=\"border: 1px solid black; padding-top: 10px;\">\n            <td rowspan=\"2\" style=\"border: 1px solid black; padding: 8px; width: 15%; text-align: center; font-size: 60px; vertical-align: top; border: 1px solid black; background-color: #fff; color: #2f5496; padding-top: 40px;\">\n                <img decoding=\"async\" src=\"https:\/\/cdn.legalgeek.tech\/document-library\/icons\/svg\/computer.svg\" alt=\"Computer\" style=\"height: 60px; width: auto; color: #2f5496;\">\n            <\/td>\n            <td style=\"border: 1px solid black; padding: 8px; width: 85%; text-align: center; font-weight: bold; text-transform: uppercase; font-size: 16px; background-color: #9ab5e0; color: #000;\">\n                Service Provider\n            <\/td>\n        <\/tr>\n        <tr style=\"border: 1px solid black; padding-top: 10px;\">\n            <td style=\"border: 1px solid black; padding: 8px; width: 85%; text-align: left; line-height: 200%; border: 1px solid black; padding-bottom: 40px; background-color: #fff; color: #000;\">\n                <p>Dragoplus, available at https:\/\/dragoplus.com is operated by:<\/p>\n                <p>\n                    NEO PLUS SP\u00d3\u0141KA Z OGRANICZON\u0104 ODPOWIEDZIALNO\u015aCI\u0104 with its registered seat at\n    ul. Wierzejska 94\/12, 97-300 Piotrk\u00f3w Trybunalski, Poland,\n    entered in the National Court Register &#8211; Register of Entrepreneurs by \n    S\u0104D REJONOWY DLA \u0141ODZI \u015aR\u00d3DMIE\u015aCIA W \u0141ODZI, XX WYDZIA\u0141 GOSPODARCZY KRAJOWEGO REJESTRU S\u0104DOWEGO,\n    under KRS (National Court Register) number 0000659039,\n    NIP (Tax Identification Number) 7712889002,\n        REGON (National Official Business Register number) 36636140900000,\n        initial capital PLN 5000,00                <\/p>\n            <\/td>\n        <\/tr>\n\n        \n        <tr style=\"border: 1px solid black; padding-top: 10px;\">\n            <td rowspan=\"2\" style=\"border: 1px solid black; padding: 8px; width: 15%; text-align: center; font-size: 60px; vertical-align: top; border: 1px solid black; background-color: #fff; color: #2f5496; padding-top: 40px;\"><img decoding=\"async\" src=\"https:\/\/cdn.legalgeek.tech\/document-library\/icons\/svg\/envelope-open-text.svg\" alt=\"Envelope Open Text\" style=\"height: 60px; width: auto; color: #2f5496;\"><\/td>\n            <td style=\"border: 1px solid black; padding: 8px; width: 85%; text-align: center; font-weight: bold; text-transform: uppercase; font-size: 16px; background-color: #9ab5e0; color: #000;\">Point of contact<\/td>\n        <\/tr>\n        <tr style=\"border: 1px solid black; padding-top: 10px;\">\n            <td style=\"border: 1px solid black; padding: 8px; width: 85%; text-align: left; line-height: 200%; border: 1px solid black; padding-bottom: 40px; background-color: #fff; color: #000;\">\n                <p>To contact us, you can use the following forms of electronic communication:<\/p>\n\n                <ul>\n                    <li>email: info@dragoplus.com<\/li>\n\n                                    <\/ul>\n\n                                    <p>In addition to electronic forms of communication, you can also contact us by phone at:<br>\n                            +48 690 666 467<\/p>\n                \n\n            <\/td>\n        <\/tr>\n\n\n        \n        <tr style=\"border: 1px solid black; padding-top: 10px;\">\n            <td rowspan=\"2\" style=\"border: 1px solid black; padding: 8px; width: 15%; text-align: center; font-size: 60px; vertical-align: top; border: 1px solid black; background-color: #fff; color: #2f5496; padding-top: 40px;\"><img decoding=\"async\" src=\"https:\/\/cdn.legalgeek.tech\/document-library\/icons\/svg\/earth-europe.svg\" alt=\"Earth Europe\" style=\"height: 60px; width: auto; color: #2f5496;\"><\/td>\n            <td style=\"border: 1px solid black; padding: 8px; width: 85%; text-align: center; font-weight: bold; text-transform: uppercase; font-size: 16px; background-color: #9ab5e0; color: #000;\">Language of communication<\/td>\n        <\/tr>\n        <tr style=\"border: 1px solid black; padding-top: 10px;\">\n            <td style=\"border: 1px solid black; padding: 8px; width: 85%; text-align: left; line-height: 200%; border: 1px solid black; padding-bottom: 40px; background-color: #fff; color: #000;\">\n                \n                                    <p>You can contact us in the following languages:<\/p>\n                    <ul>\n                        <li>Polish,<\/li>\n                                                    <li>\n                                 English.\n                            <\/li>\n                                            <\/ul>\n                \n            <\/td>\n        <\/tr>\n\n        \n\n        \n        <tr style=\"border: 1px solid black; padding-top: 10px;\">\n            <td rowspan=\"2\" style=\"border: 1px solid black; padding: 8px; width: 15%; text-align: center; font-size: 60px; vertical-align: top; border: 1px solid black; background-color: #fff; color: #2f5496; padding-top: 40px;\"><img decoding=\"async\" src=\"https:\/\/cdn.legalgeek.tech\/document-library\/icons\/svg\/users.svg\" alt=\"Users\" style=\"height: 60px; width: auto; color: #2f5496;\"><\/td>\n            <td style=\"border: 1px solid black; padding: 8px; width: 85%; text-align: center; font-weight: bold; text-transform: uppercase; font-size: 16px; background-color: #9ab5e0; color: #000;\">Handling Complaints and Claims<\/td>\n        <\/tr>\n        <tr style=\"border: 1px solid black; padding-top: 10px;\">\n            <td style=\"border: 1px solid black; padding: 8px; width: 85%; text-align: left; line-height: 200%; border: 1px solid black; padding-bottom: 40px; background-color: #fff; color: #000;\">\n                <p>Complaints and claims regarding the use of our service can be submitted via the Point of contact, whose details are provided at the beginning of these terms.<\/p>\n                <p>We consider complaints and claims within 14 days of their receipt.<\/p>\n\n                                    <p>Detailed complaint procedures are defined in other regulations. Links to these regulations are provided at the end of these terms, in the section: &#8220;Other Regulations and Policies&#8221;.<\/p>\n                            <\/td>\n        <\/tr>\n\n\n        \n        <tr style=\"border: 1px solid black; padding-top: 10px;\">\n            <td rowspan=\"2\" style=\"border: 1px solid black; padding: 8px; width: 15%; text-align: center; font-size: 60px; vertical-align: top; border: 1px solid black; background-color: #fff; color: #2f5496; padding-top: 40px;\"><img decoding=\"async\" src=\"https:\/\/cdn.legalgeek.tech\/document-library\/icons\/svg\/gears.svg\" alt=\"Gears\" style=\"height: 60px; width: auto; color: #2f5496;\"><\/td>\n            <td style=\"border: 1px solid black; padding: 8px; width: 85%; text-align: center; font-weight: bold; text-transform: uppercase; font-size: 16px; background-color: #9ab5e0; color: #000;\">Technical Conditions<\/td>\n        <\/tr>\n        <tr style=\"border: 1px solid black; padding-top: 10px;\">\n            <td style=\"border: 1px solid black; padding: 8px; width: 85%; text-align: left; line-height: 200%; border: 1px solid black; padding-bottom: 40px; background-color: #fff; color: #000;\">\n                <p>Proper use of the website requires meeting the following technical conditions:<\/p>\n                <ul>\n                    <li>an active email account,<\/li>\n                    <li>a device with Internet access,<\/li>\n                    <li>an Internet browser that supports JavaScript and cookies.<\/li>\n                <\/ul>\n\n                            <\/td>\n        <\/tr>\n\n                    \n            <tr style=\"border: 1px solid black; padding-top: 10px;\">\n                <td rowspan=\"2\" style=\"border: 1px solid black; padding: 8px; width: 15%; text-align: center; font-size: 60px; vertical-align: top; border: 1px solid black; background-color: #fff; color: #2f5496; padding-top: 40px;\"><img decoding=\"async\" src=\"https:\/\/cdn.legalgeek.tech\/document-library\/icons\/svg\/shield-halved.svg\" alt=\"Shield Halved\" style=\"height: 60px; width: auto; color: #2f5496;\"><\/td>\n                <td style=\"border: 1px solid black; padding: 8px; width: 85%; text-align: center; font-weight: bold; text-transform: uppercase; font-size: 16px; background-color: #9ab5e0; color: #000;\">Privacy and Personal Data<\/td>\n            <\/tr>\n            <tr style=\"border: 1px solid black; padding-top: 10px;\">\n                <td style=\"border: 1px solid black; padding: 8px; width: 85%; text-align: left; line-height: 200%; border: 1px solid black; padding-bottom: 40px; background-color: #fff; color: #000;\">\n                    The principles of personal data processing and the use of cookies are indicated in the privacy policy available at: https:\/\/dragoplus.com\/polityka-prywatnosci\/\n                <\/td>\n            <\/tr>\n        \n\n        \n                    <tr style=\"border: 1px solid black; padding-top: 10px;\">\n                <td rowspan=\"2\" style=\"border: 1px solid black; padding: 8px; width: 15%; text-align: center; font-size: 60px; vertical-align: top; border: 1px solid black; background-color: #fff; color: #2f5496; padding-top: 40px;\"><img decoding=\"async\" src=\"https:\/\/cdn.legalgeek.tech\/document-library\/icons\/svg\/file-contract.svg\" alt=\"File Contract\" style=\"height: 60px; width: auto; color: #2f5496;\"><\/td>\n                <td style=\"border: 1px solid black; padding: 8px; width: 85%; text-align: center; font-weight: bold; text-transform: uppercase; font-size: 16px; background-color: #9ab5e0; color: #000;\">Other Regulations and Policies<\/td>\n            <\/tr>\n            <tr style=\"border: 1px solid black; padding-top: 10px;\">\n                <td style=\"border: 1px solid black; padding: 8px; width: 85%; text-align: left; line-height: 200%; border: 1px solid black; padding-bottom: 40px; background-color: #fff; color: #000;\">\n                    The use of our website and the services available within it are also subject to the following documents:\n                        <ul>\n                            \n                                                            <li>\n                                    Terms and Conditions &#8211; https:\/\/dragoplus.com\/regulamin-sklepu-internetowego\/\n                                <\/li>\n                            \n                            \n                                                            <li>\n                                    Newsletter Terms and Conditions &#8211; https:\/\/dragoplus.com\/regulamin-newslettera\/\n                                <\/li>\n                            \n                                                    <\/ul>\n                    <p>\n                        These terms of use are a supplement to the documents mentioned above.\n                    <\/p>\n                <\/td>\n            <\/tr>\n        \n\n        \n        <tr style=\"border: 1px solid black; padding-top: 10px;\">\n            <th colspan=\"2\" style=\"border: 1px solid black; padding: 8px; background-color: #f5f5f5; color: #000;\">\n                <section style=\"margin-bottom: 2em; text-align: center;\">\n<small>\n\tTerms of Use of the Website z dnia 02.01.2025.<br>\n\tNumer licencji nadanej przez Kreator Legal Geek: <a href=\"https:\/\/kreator.legalgeek.pl\/\" target=\"_blank\" style=\"text-decoration: none; color: inherit;\">5e64cb33-aa3a-4aa5-ba7d-c0bfca494859<\/a>.\n<\/small>\n<\/section>\n            <\/th>\n        <\/tr>\n\n\n    <\/table>\n\n\t\t\t\t\t\t<\/div>\n\t\t\t\t<\/div>\n\t\t\t\t\t<\/div>\n\t\t<\/div>\n\t\t\t\t\t<\/div>\n\t\t<\/section>\n\t\t\t\t<\/div>\n\t\t","protected":false},"excerpt":{"rendered":"<p>Terms of use of the Website (DSA) Dragoplus Service Provider Dragoplus, available at https:\/\/dragoplus.com is operated by: NEO PLUS SP\u00d3\u0141KA Z OGRANICZON\u0104 ODPOWIEDZIALNO\u015aCI\u0104 with its registered seat at ul. Wierzejska 94\/12, 97-300 Piotrk\u00f3w Trybunalski, Poland, entered in the National Court Register &#8211; Register of Entrepreneurs by S\u0104D REJONOWY DLA \u0141ODZI \u015aR\u00d3DMIE\u015aCIA W \u0141ODZI, XX WYDZIA\u0141 [&hellip;]<\/p>\n","protected":false},"author":1,"featured_media":0,"parent":0,"menu_order":0,"comment_status":"closed","ping_status":"closed","template":"elementor_header_footer","meta":[],"yoast_head":"<!-- This site is optimized with the Yoast SEO plugin v20.7 - https:\/\/yoast.com\/wordpress\/plugins\/seo\/ -->\n<title>Terms of use of the Website (DSA) - dragOplus<\/title>\n<meta name=\"robots\" content=\"index, follow, max-snippet:-1, max-image-preview:large, max-video-preview:-1\" \/>\n<link rel=\"canonical\" href=\"https:\/\/dragoplus.com\/en\/terms-of-use-of-the-website-dsa\/\" \/>\n<meta property=\"og:locale\" content=\"en_US\" \/>\n<meta property=\"og:type\" content=\"article\" \/>\n<meta property=\"og:title\" content=\"Terms of use of the Website (DSA) - dragOplus\" \/>\n<meta property=\"og:description\" content=\"Terms of use of the Website (DSA) Dragoplus Service Provider Dragoplus, available at https:\/\/dragoplus.com is operated by: NEO PLUS SP\u00d3\u0141KA Z OGRANICZON\u0104 ODPOWIEDZIALNO\u015aCI\u0104 with its registered seat at ul. Wierzejska 94\/12, 97-300 Piotrk\u00f3w Trybunalski, Poland, entered in the National Court Register &#8211; Register of Entrepreneurs by S\u0104D REJONOWY DLA \u0141ODZI \u015aR\u00d3DMIE\u015aCIA W \u0141ODZI, XX WYDZIA\u0141 [&hellip;]\" \/>\n<meta property=\"og:url\" content=\"https:\/\/dragoplus.com\/en\/terms-of-use-of-the-website-dsa\/\" \/>\n<meta property=\"og:site_name\" content=\"dragOplus\" \/>\n<meta property=\"article:modified_time\" content=\"2025-01-02T13:47:18+00:00\" \/>\n<meta property=\"og:image\" content=\"https:\/\/cdn.legalgeek.tech\/document-library\/icons\/svg\/computer.svg\" \/>\n<meta name=\"twitter:card\" content=\"summary_large_image\" \/>\n<meta name=\"twitter:label1\" content=\"Est. reading time\" \/>\n\t<meta name=\"twitter:data1\" content=\"3 minutes\" \/>\n<script type=\"application\/ld+json\" class=\"yoast-schema-graph\">{\"@context\":\"https:\/\/schema.org\",\"@graph\":[{\"@type\":\"WebPage\",\"@id\":\"https:\/\/dragoplus.com\/en\/terms-of-use-of-the-website-dsa\/\",\"url\":\"https:\/\/dragoplus.com\/en\/terms-of-use-of-the-website-dsa\/\",\"name\":\"Terms of use of the Website (DSA) - dragOplus\",\"isPartOf\":{\"@id\":\"https:\/\/dragoplus.com\/en\/#website\"},\"datePublished\":\"2025-01-02T13:34:30+00:00\",\"dateModified\":\"2025-01-02T13:47:18+00:00\",\"breadcrumb\":{\"@id\":\"https:\/\/dragoplus.com\/en\/terms-of-use-of-the-website-dsa\/#breadcrumb\"},\"inLanguage\":\"en-US\",\"potentialAction\":[{\"@type\":\"ReadAction\",\"target\":[\"https:\/\/dragoplus.com\/en\/terms-of-use-of-the-website-dsa\/\"]}]},{\"@type\":\"BreadcrumbList\",\"@id\":\"https:\/\/dragoplus.com\/en\/terms-of-use-of-the-website-dsa\/#breadcrumb\",\"itemListElement\":[{\"@type\":\"ListItem\",\"position\":1,\"name\":\"Home\",\"item\":\"https:\/\/dragoplus.com\/en\/\"},{\"@type\":\"ListItem\",\"position\":2,\"name\":\"Terms of use of the Website (DSA)\"}]},{\"@type\":\"WebSite\",\"@id\":\"https:\/\/dragoplus.com\/en\/#website\",\"url\":\"https:\/\/dragoplus.com\/en\/\",\"name\":\"dragOplus\",\"description\":\"Welcome to the world of Dragoplus products\",\"publisher\":{\"@id\":\"https:\/\/dragoplus.com\/en\/#organization\"},\"potentialAction\":[{\"@type\":\"SearchAction\",\"target\":{\"@type\":\"EntryPoint\",\"urlTemplate\":\"https:\/\/dragoplus.com\/en\/?s={search_term_string}\"},\"query-input\":\"required name=search_term_string\"}],\"inLanguage\":\"en-US\"},{\"@type\":\"Organization\",\"@id\":\"https:\/\/dragoplus.com\/en\/#organization\",\"name\":\"dragOplus\",\"url\":\"https:\/\/dragoplus.com\/en\/\",\"logo\":{\"@type\":\"ImageObject\",\"inLanguage\":\"en-US\",\"@id\":\"https:\/\/dragoplus.com\/en\/#\/schema\/logo\/image\/\",\"url\":\"https:\/\/dragoplus.com\/wp-content\/uploads\/2022\/05\/Dragoplus-logo-120x35-1.jpg\",\"contentUrl\":\"https:\/\/dragoplus.com\/wp-content\/uploads\/2022\/05\/Dragoplus-logo-120x35-1.jpg\",\"width\":120,\"height\":35,\"caption\":\"dragOplus\"},\"image\":{\"@id\":\"https:\/\/dragoplus.com\/en\/#\/schema\/logo\/image\/\"}}]}<\/script>\n<!-- \/ Yoast SEO plugin. -->","yoast_head_json":{"title":"Terms of use of the Website (DSA) - dragOplus","robots":{"index":"index","follow":"follow","max-snippet":"max-snippet:-1","max-image-preview":"max-image-preview:large","max-video-preview":"max-video-preview:-1"},"canonical":"https:\/\/dragoplus.com\/en\/terms-of-use-of-the-website-dsa\/","og_locale":"en_US","og_type":"article","og_title":"Terms of use of the Website (DSA) - dragOplus","og_description":"Terms of use of the Website (DSA) Dragoplus Service Provider Dragoplus, available at https:\/\/dragoplus.com is operated by: NEO PLUS SP\u00d3\u0141KA Z OGRANICZON\u0104 ODPOWIEDZIALNO\u015aCI\u0104 with its registered seat at ul. Wierzejska 94\/12, 97-300 Piotrk\u00f3w Trybunalski, Poland, entered in the National Court Register &#8211; Register of Entrepreneurs by S\u0104D REJONOWY DLA \u0141ODZI \u015aR\u00d3DMIE\u015aCIA W \u0141ODZI, XX WYDZIA\u0141 [&hellip;]","og_url":"https:\/\/dragoplus.com\/en\/terms-of-use-of-the-website-dsa\/","og_site_name":"dragOplus","article_modified_time":"2025-01-02T13:47:18+00:00","og_image":[{"url":"https:\/\/cdn.legalgeek.tech\/document-library\/icons\/svg\/computer.svg"}],"twitter_card":"summary_large_image","twitter_misc":{"Est. reading time":"3 minutes"},"schema":{"@context":"https:\/\/schema.org","@graph":[{"@type":"WebPage","@id":"https:\/\/dragoplus.com\/en\/terms-of-use-of-the-website-dsa\/","url":"https:\/\/dragoplus.com\/en\/terms-of-use-of-the-website-dsa\/","name":"Terms of use of the Website (DSA) - dragOplus","isPartOf":{"@id":"https:\/\/dragoplus.com\/en\/#website"},"datePublished":"2025-01-02T13:34:30+00:00","dateModified":"2025-01-02T13:47:18+00:00","breadcrumb":{"@id":"https:\/\/dragoplus.com\/en\/terms-of-use-of-the-website-dsa\/#breadcrumb"},"inLanguage":"en-US","potentialAction":[{"@type":"ReadAction","target":["https:\/\/dragoplus.com\/en\/terms-of-use-of-the-website-dsa\/"]}]},{"@type":"BreadcrumbList","@id":"https:\/\/dragoplus.com\/en\/terms-of-use-of-the-website-dsa\/#breadcrumb","itemListElement":[{"@type":"ListItem","position":1,"name":"Home","item":"https:\/\/dragoplus.com\/en\/"},{"@type":"ListItem","position":2,"name":"Terms of use of the Website (DSA)"}]},{"@type":"WebSite","@id":"https:\/\/dragoplus.com\/en\/#website","url":"https:\/\/dragoplus.com\/en\/","name":"dragOplus","description":"Welcome to the world of Dragoplus products","publisher":{"@id":"https:\/\/dragoplus.com\/en\/#organization"},"potentialAction":[{"@type":"SearchAction","target":{"@type":"EntryPoint","urlTemplate":"https:\/\/dragoplus.com\/en\/?s={search_term_string}"},"query-input":"required name=search_term_string"}],"inLanguage":"en-US"},{"@type":"Organization","@id":"https:\/\/dragoplus.com\/en\/#organization","name":"dragOplus","url":"https:\/\/dragoplus.com\/en\/","logo":{"@type":"ImageObject","inLanguage":"en-US","@id":"https:\/\/dragoplus.com\/en\/#\/schema\/logo\/image\/","url":"https:\/\/dragoplus.com\/wp-content\/uploads\/2022\/05\/Dragoplus-logo-120x35-1.jpg","contentUrl":"https:\/\/dragoplus.com\/wp-content\/uploads\/2022\/05\/Dragoplus-logo-120x35-1.jpg","width":120,"height":35,"caption":"dragOplus"},"image":{"@id":"https:\/\/dragoplus.com\/en\/#\/schema\/logo\/image\/"}}]}},"_links":{"self":[{"href":"https:\/\/dragoplus.com\/en\/wp-json\/wp\/v2\/pages\/24067"}],"collection":[{"href":"https:\/\/dragoplus.com\/en\/wp-json\/wp\/v2\/pages"}],"about":[{"href":"https:\/\/dragoplus.com\/en\/wp-json\/wp\/v2\/types\/page"}],"author":[{"embeddable":true,"href":"https:\/\/dragoplus.com\/en\/wp-json\/wp\/v2\/users\/1"}],"replies":[{"embeddable":true,"href":"https:\/\/dragoplus.com\/en\/wp-json\/wp\/v2\/comments?post=24067"}],"version-history":[{"count":4,"href":"https:\/\/dragoplus.com\/en\/wp-json\/wp\/v2\/pages\/24067\/revisions"}],"predecessor-version":[{"id":24072,"href":"https:\/\/dragoplus.com\/en\/wp-json\/wp\/v2\/pages\/24067\/revisions\/24072"}],"wp:attachment":[{"href":"https:\/\/dragoplus.com\/en\/wp-json\/wp\/v2\/media?parent=24067"}],"curies":[{"name":"wp","href":"https:\/\/api.w.org\/{rel}","templated":true}]}}